{"id":2195,"date":"2022-03-11T05:21:57","date_gmt":"2022-03-11T05:21:57","guid":{"rendered":"https:\/\/iksor.net\/?page_id=2195"},"modified":"2022-03-11T05:45:18","modified_gmt":"2022-03-11T05:45:18","slug":"varovanje-osebnih-podatkov","status":"publish","type":"page","link":"https:\/\/iksor.net\/sl\/varovanje-osebnih-podatkov\/","title":{"rendered":"Varovanje osebnih podatkov"},"content":{"rendered":"<div class=\"fusion-fullwidth fullwidth-box fusion-builder-row-1 fusion-flex-container nonhundred-percent-fullwidth non-hundred-percent-height-scrolling\" style=\"--awb-border-radius-top-left:0px;--awb-border-radius-top-right:0px;--awb-border-radius-bottom-right:0px;--awb-border-radius-bottom-left:0px;--awb-flex-wrap:wrap;\" ><div class=\"fusion-builder-row fusion-row fusion-flex-align-items-flex-start fusion-flex-content-wrap\" style=\"max-width:calc( 1200px + 80px );margin-left: calc(-80px \/ 2 );margin-right: calc(-80px \/ 2 );\"><div class=\"fusion-layout-column fusion_builder_column fusion-builder-column-0 fusion_builder_column_1_1 1_1 fusion-flex-column\" style=\"--awb-bg-size:cover;--awb-width-large:100%;--awb-margin-top-large:0px;--awb-spacing-right-large:40px;--awb-margin-bottom-large:0px;--awb-spacing-left-large:40px;--awb-width-medium:100%;--awb-spacing-right-medium:40px;--awb-spacing-left-medium:40px;--awb-width-small:100%;--awb-spacing-right-small:40px;--awb-spacing-left-small:40px;\"><div class=\"fusion-column-wrapper fusion-flex-justify-content-flex-start fusion-content-layout-column\"><div class=\"fusion-text fusion-text-1\" style=\"--awb-text-transform:none;\"><h2>Lastnik spletne strani<\/h2>\n<p>Iksor d.o.o.<br \/>\n\u0160pruha 33, 1236 Trzin<br \/>\nDav\u010dna \u0161tevilka: SI45495971<\/p>\n<p>Telefon: 041 905 666<br \/>\nE-naslov: info@iksor.net<\/p>\n<p>Naslov na\u0161e spletne strani je: https:\/\/iksor.net<\/p>\n<h2>Zbiranje osebnih podatkov<\/h2>\n<p>Na na\u0161i spletni strani uporabljamo obrazce, v katere se lahko vpisujejo osebni podatki. Eden se nahaja na strani Kontakti in je namenjen obiskovalcem na\u0161e spletne strani, \u010de nam \u017eelijo poslati povpra\u0161evanje ali kak\u0161no drugo sporo\u010dilo. Podatki, ki jih obiskovalec vpi\u0161e v obrazec, se po\u0161ljejo na e-naslov info@iksor.net.<\/p>\n<h2>Pi\u0161kotki<\/h2>\n<p>Za bolj\u0161o uporabni\u0161ko izku\u0161njo uporabljamo pi\u0161kotke, ki si zapomnijo va\u0161 obisk, vendar nimamo podatka, \u010digav je kateri pi\u0161kotek. Gre torej za anonimno rabo. Ti pi\u0161kotki so uporabljeni, da si zapomnijo va\u0161e nastavitve na strani in omogo\u010dajo uporabniku bolj prijazno delovanje strani.<\/p>\n<h2>Vsebina zunanjih servisov<\/h2>\n<p>V nogi spletne strani je uporabljen Google Zemljevid, ki prikazuje lokacijo na\u0161e pisarne. Z uporabo tega zemljevida se strinjate z njihovimi pogoji.<\/p>\n<h2>Analitika<\/h2>\n<p>Stran uporablja storitev Google Analytics. Tako la\u017eje razumemo obna\u0161anje obiskovalcev na\u0161e strani in na ta na\u010din la\u017eje prilagajamo vsebine ter tehni\u010dno izbolj\u0161ujemo strani.<\/p>\n<h2>Hranjenje podatkov<\/h2>\n<p>Podatki v pi\u0161kotkih se hranijo 30 dni.<\/p>\n<p>Podatki, ki jih obiskovalec po\u0161lje preko obrazca na spletni strani, se hranijo v podatkovni bazi nedolo\u010den \u010das oz. do prejema zahteve za izbris osebnih podatkov. Uporabnik lahko kadarkoli zahteva izbris svojih podatkov tako, da po\u0161lje zahtevek na info@iksor.net.<\/p>\n<\/div><div class=\"fusion-privacy-element fusion-privacy-element-1\"><div class=\"fusion-privacy-form-intro\"><p>Spremenite nastavitve pi\u0161kotkov<\/p>\n<\/div><form id=\"fusion-privacy-form-1\" method=\"post\" class=\"fusion-privacy-form fusion-privacy-form-stacked\"><ul><li><label for=\"gmaps\"><input name=\"consents[]\" type=\"checkbox\" value=\"gmaps\"  id=\"gmaps\">Google Maps<\/label><\/li><li><label for=\"tracking\"><input name=\"consents[]\" type=\"checkbox\" value=\"tracking\"  id=\"tracking\">Tracking Cookies<\/label><\/li><\/ul><input type=\"hidden\" name=\"_wp_http_referer\" value=\"\/sl\/wp-json\/wp\/v2\/pages\/2195\" \/><input type=\"hidden\" name=\"privacyformid\" value=\"1\"><input type=\"hidden\" name=\"consents[]\" value=\"consent\"><input class=\"fusion-button fusion-button-default fusion-button-default-size\" type=\"submit\" value=\"Update\" ><\/form><\/div><\/div><\/div><\/div><\/div>\n","protected":false},"excerpt":{"rendered":"","protected":false},"author":2,"featured_media":0,"parent":0,"menu_order":0,"comment_status":"closed","ping_status":"open","template":"","meta":{"footnotes":""},"class_list":["post-2195","page","type-page","status-publish","hentry"],"_links":{"self":[{"href":"https:\/\/iksor.net\/sl\/wp-json\/wp\/v2\/pages\/2195","targetHints":{"allow":["GET"]}}],"collection":[{"href":"https:\/\/iksor.net\/sl\/wp-json\/wp\/v2\/pages"}],"about":[{"href":"https:\/\/iksor.net\/sl\/wp-json\/wp\/v2\/types\/page"}],"author":[{"embeddable":true,"href":"https:\/\/iksor.net\/sl\/wp-json\/wp\/v2\/users\/2"}],"replies":[{"embeddable":true,"href":"https:\/\/iksor.net\/sl\/wp-json\/wp\/v2\/comments?post=2195"}],"version-history":[{"count":4,"href":"https:\/\/iksor.net\/sl\/wp-json\/wp\/v2\/pages\/2195\/revisions"}],"predecessor-version":[{"id":2203,"href":"https:\/\/iksor.net\/sl\/wp-json\/wp\/v2\/pages\/2195\/revisions\/2203"}],"wp:attachment":[{"href":"https:\/\/iksor.net\/sl\/wp-json\/wp\/v2\/media?parent=2195"}],"curies":[{"name":"wp","href":"https:\/\/api.w.org\/{rel}","templated":true}]}}